{"id":557,"date":"2020-01-20T15:15:22","date_gmt":"2020-01-20T15:15:22","guid":{"rendered":"https:\/\/sit-ks.org\/?page_id=557"},"modified":"2020-04-23T21:23:40","modified_gmt":"2020-04-23T21:23:40","slug":"marketing-information-system","status":"publish","type":"page","link":"https:\/\/sit-ks.org\/sq\/marketing-information-system\/","title":{"rendered":"Mbledhja e t\u00eb Dh\u00ebnave t\u00eb Tregut"},"content":{"rendered":"<div class=\"wp-block-image\"><figure class=\"aligncenter is-resized\"><img fetchpriority=\"high\" decoding=\"async\" src=\"https:\/\/sit-ks.org\/wp-content\/uploads\/2020\/01\/llogo-1-1-1024x682.png\" alt=\"\" class=\"wp-image-599\" width=\"1227\" height=\"817\" srcset=\"https:\/\/sit-ks.org\/wp-content\/uploads\/2020\/01\/llogo-1-1-1024x682.png 1024w, https:\/\/sit-ks.org\/wp-content\/uploads\/2020\/01\/llogo-1-1-300x200.png 300w, https:\/\/sit-ks.org\/wp-content\/uploads\/2020\/01\/llogo-1-1-768x511.png 768w, https:\/\/sit-ks.org\/wp-content\/uploads\/2020\/01\/llogo-1-1.png 2048w\" sizes=\"(max-width: 1227px) 100vw, 1227px\" \/><\/figure><\/div>\n\n\n\n<p>Q\u00ebllimi kryesor i \u201cMbledhje e t\u00eb Dh\u00ebnave Ekonomike t\u00eb Tregut\u201d \u00ebsht\u00eb p\u00ebrkrahja e vendimeve t\u00eb marketingut dhe p\u00ebrpjekjeve t\u00eb nd\u00ebrmarr\u00ebsve\/eve, fermer\u00ebve\/eve, dhe prodhuesve\/eve p\u00ebr marketing. K\u00ebto t\u00eb dh\u00ebna jan\u00eb t\u00eb dobishme edhe p\u00ebr llojet e ndryshme t\u00eb organizatave, akademik\u00ebve dhe hulumtuesve. Qevrit\u00eb kan\u00eb t\u00eb dh\u00ebna t\u00eb dobishme t\u00eb marketingut lidhur me zhvillimin e politikave shtet\u00ebrore dhe programeve mb\u00ebshtet\u00ebse, nd\u00ebrsa organizatat p\u00ebr zhvillim i p\u00ebrdorin informacionet p\u00ebr t\u00eb zhvilluar programe p\u00ebr p\u00ebrkrahje t\u00eb komunitetit dhe qasje m\u00eb t\u00eb mir\u00eb, dhe asistenc\u00eb p\u00ebr nevojat e fermer\u00ebve dhe prodhuesve.<br><\/p>\n\n\n\n<p>Mbledhja e t\u00eb dh\u00ebnave ekonomike t\u00eb tregut p\u00ebrfshin mbledhjen e \u00e7mimeve javore n\u00eb shtat\u00eb qendrat kryesore t\u00eb  Kosov\u00ebs (Prishtin\u00eb, Prizren, Pej\u00eb, Gjakov\u00eb, Ferizaj, Mitrovic\u00eb, dhe Gjilan) me p\u00ebraf\u00ebrsisht 650 produkte bujq\u00ebsore, si fruta, perime, kafsh\u00eb, dhe produkte t\u00eb tjera bujq\u00ebsore, dhe shp\u00ebrndarjen\/shitjen e tyre p\u00ebrmes formave t\u00eb ndryshme t\u00eb bashk\u00ebpunimit<br><\/p>\n\n\n\n<p>This project has been supported by the Ministry of Agriculture, Forestry and Rural Development in Kosovo since 2009.<br><\/p>\n\n\n\n<figure class=\"wp-block-image is-resized\"><img decoding=\"async\" src=\"https:\/\/sit-ks.org\/wp-content\/uploads\/2020\/01\/MBPZHR-3.jpg\" alt=\"\" class=\"wp-image-593\" width=\"523\" height=\"292\" srcset=\"https:\/\/sit-ks.org\/wp-content\/uploads\/2020\/01\/MBPZHR-3.jpg 500w, https:\/\/sit-ks.org\/wp-content\/uploads\/2020\/01\/MBPZHR-3-300x167.jpg 300w\" sizes=\"(max-width: 523px) 100vw, 523px\" \/><\/figure>","protected":false},"excerpt":{"rendered":"<p>Q\u00ebllimi kryesor i \u201cMbledhje e t\u00eb Dh\u00ebnave Ekonomike t\u00eb Tregut\u201d \u00ebsht\u00eb p\u00ebrkrahja e vendimeve t\u00eb marketingut dhe p\u00ebrpjekjeve t\u00eb nd\u00ebrmarr\u00ebsve\/eve, fermer\u00ebve\/eve, dhe prodhuesve\/eve p\u00ebr marketing. K\u00ebto t\u00eb dh\u00ebna jan\u00eb t\u00eb dobishme edhe p\u00ebr llojet e ndryshme t\u00eb organizatave, akademik\u00ebve dhe hulumtuesve[...]<\/p>","protected":false},"author":1,"featured_media":0,"parent":0,"menu_order":0,"comment_status":"closed","ping_status":"closed","template":"","meta":{"footnotes":""},"categories":[],"tags":[],"class_list":["post-557","page","type-page","status-publish","hentry"],"_links":{"self":[{"href":"https:\/\/sit-ks.org\/sq\/wp-json\/wp\/v2\/pages\/557","targetHints":{"allow":["GET"]}}],"collection":[{"href":"https:\/\/sit-ks.org\/sq\/wp-json\/wp\/v2\/pages"}],"about":[{"href":"https:\/\/sit-ks.org\/sq\/wp-json\/wp\/v2\/types\/page"}],"author":[{"embeddable":true,"href":"https:\/\/sit-ks.org\/sq\/wp-json\/wp\/v2\/users\/1"}],"replies":[{"embeddable":true,"href":"https:\/\/sit-ks.org\/sq\/wp-json\/wp\/v2\/comments?post=557"}],"version-history":[{"count":19,"href":"https:\/\/sit-ks.org\/sq\/wp-json\/wp\/v2\/pages\/557\/revisions"}],"predecessor-version":[{"id":875,"href":"https:\/\/sit-ks.org\/sq\/wp-json\/wp\/v2\/pages\/557\/revisions\/875"}],"wp:attachment":[{"href":"https:\/\/sit-ks.org\/sq\/wp-json\/wp\/v2\/media?parent=557"}],"wp:term":[{"taxonomy":"category","embeddable":true,"href":"https:\/\/sit-ks.org\/sq\/wp-json\/wp\/v2\/categories?post=557"},{"taxonomy":"post_tag","embeddable":true,"href":"https:\/\/sit-ks.org\/sq\/wp-json\/wp\/v2\/tags?post=557"}],"curies":[{"name":"wp","href":"https:\/\/api.w.org\/{rel}","templated":true}]}}