{"id":551,"date":"2020-01-20T12:53:00","date_gmt":"2020-01-20T12:53:00","guid":{"rendered":"https:\/\/sit-ks.org\/?page_id=551"},"modified":"2020-01-22T09:33:39","modified_gmt":"2020-01-22T09:33:39","slug":"transformational-journalism","status":"publish","type":"page","link":"https:\/\/sit-ks.org\/sq\/transformational-journalism\/","title":{"rendered":"Gazetaria Transformuese"},"content":{"rendered":"<p>Projekti \"Gazetaria Transformuese\" synon t\u00eb angazhoj\u00eb t\u00eb rinjt\u00eb n\u00eb transformimin e m\u00ebnyr\u00ebs s\u00eb raportimit t\u00eb \u00e7\u00ebshtjeve t\u00eb t\u00eb drejtave t\u00eb njeriut, me nj\u00eb fokus n\u00eb \u00e7\u00ebshtjet gjinore, n\u00eb media n\u00eb Kosov\u00eb. P\u00ebr ta arritur k\u00ebt\u00eb, ne do t\u00eb ftojm\u00eb t\u00eb rinjt\u00eb e t\u00eb gjitha prejardhjeve t\u00eb cil\u00ebt kan\u00eb interes t\u00eb shkruajn\u00eb dhe botojn\u00eb p\u00ebr \u00e7\u00ebshtje t\u00eb ndryshme me t\u00eb cilat shqet\u00ebsohen t\u00eb marrin pjes\u00eb n\u00eb modulet e trajnimit t\u00eb ofruara nga SIT dhe KosovaLive.<\/p>\n\n\n\n<p>T\u00eb rinjt\u00eb\/rejat e p\u00ebrfshir\u00eb\/a n\u00eb k\u00ebt\u00eb projekt s\u00eb pari do t\u00eb trajnohen se si t\u00eb shkruajn\u00eb nj\u00eb tekst; rregullat e gazetaris\u00eb, m\u00ebnyra e raportimit n\u00eb mediat e shkruara, radio dhe televizion si dhe identifikimin dhe shmangien e lajmeve t\u00eb rreme. Pas k\u00ebsaj, ata do t\u00eb m\u00ebsojn\u00eb se si t\u2019i identifikojn\u00eb dhe t\u00eb shkruajn\u00eb p\u00ebr tema t\u00eb ndryshme duke p\u00ebrdorur nj\u00eb perspektiv\u00eb gjinore; ata do t\u00eb njihen me konceptet kryesore t\u00eb \u00e7\u00ebshtjeve t\u00eb t\u00eb drejtave t\u00eb njeriut duke u p\u00ebrq\u00ebndruar n\u00eb \u00e7\u00ebshtjet gjinore.<\/p>\n\n\n\n<p>Si rezultat, deri n\u00eb fund t\u00eb projektit, ne do t\u00eb kemi artikuj t\u00eb rinj q\u00eb trajtojn\u00eb \u00e7\u00ebshtje t\u00eb ndryshme t\u00eb t\u00eb drejtave t\u00eb njeriut nga nj\u00eb perspektiv\u00eb gjinore, t\u00eb cilat do t\u00eb publikohen n\u00eb platforma t\u00eb ndryshme.<\/p>\n\n\n\n<p>Ky program \u00ebsht\u00eb pjes\u00eb e projektit \u201cP\u00ebrkrahje p\u00ebr Media dhe Gazetari p\u00ebr t\u00eb Drejtat e Njeritut n\u00eb Kosov\u00eb\u201d, I financuar nga Zyra e Bashkimit Europian n\u00eb Kosov\u00eb, dhe implementuar nga Kosovo 2.0, CEL, dhe QKSGJ.<\/p>","protected":false},"excerpt":{"rendered":"<p>Projekti \"Gazetaria Transformuese\" synon t\u00eb angazhoj\u00eb t\u00eb rinjt\u00eb n\u00eb transformimin e m\u00ebnyr\u00ebs s\u00eb raportimit t\u00eb \u00e7\u00ebshtjeve t\u00eb t\u00eb drejtave t\u00eb njeriut, me nj\u00eb fokus n\u00eb \u00e7\u00ebshtjet gjinore, n\u00eb media n\u00eb Kosov\u00eb. P\u00ebr ta arritur k\u00ebt\u00eb, ne do t\u00eb ftojm\u00eb t\u00eb rinjt\u00eb e t\u00eb gjitha prejardhjeve t\u00eb cil\u00ebt kan\u00eb interes t\u00eb shkruajn\u00eb dhe botojn\u00eb p\u00ebr \u00e7\u00ebshtje t\u00eb ndryshme me t\u00eb cilat shqet\u00ebsohen t\u00eb marrin pjes\u00eb n\u00eb modulet e trajnimit t\u00eb ofruara nga SIT dhe KosovaLive[...]<\/p>","protected":false},"author":1,"featured_media":614,"parent":0,"menu_order":0,"comment_status":"closed","ping_status":"closed","template":"","meta":{"footnotes":""},"categories":[],"tags":[],"class_list":["post-551","page","type-page","status-publish","has-post-thumbnail","hentry"],"_links":{"self":[{"href":"https:\/\/sit-ks.org\/sq\/wp-json\/wp\/v2\/pages\/551","targetHints":{"allow":["GET"]}}],"collection":[{"href":"https:\/\/sit-ks.org\/sq\/wp-json\/wp\/v2\/pages"}],"about":[{"href":"https:\/\/sit-ks.org\/sq\/wp-json\/wp\/v2\/types\/page"}],"author":[{"embeddable":true,"href":"https:\/\/sit-ks.org\/sq\/wp-json\/wp\/v2\/users\/1"}],"replies":[{"embeddable":true,"href":"https:\/\/sit-ks.org\/sq\/wp-json\/wp\/v2\/comments?post=551"}],"version-history":[{"count":3,"href":"https:\/\/sit-ks.org\/sq\/wp-json\/wp\/v2\/pages\/551\/revisions"}],"predecessor-version":[{"id":556,"href":"https:\/\/sit-ks.org\/sq\/wp-json\/wp\/v2\/pages\/551\/revisions\/556"}],"wp:featuredmedia":[{"embeddable":true,"href":"https:\/\/sit-ks.org\/sq\/wp-json\/wp\/v2\/media\/614"}],"wp:attachment":[{"href":"https:\/\/sit-ks.org\/sq\/wp-json\/wp\/v2\/media?parent=551"}],"wp:term":[{"taxonomy":"category","embeddable":true,"href":"https:\/\/sit-ks.org\/sq\/wp-json\/wp\/v2\/categories?post=551"},{"taxonomy":"post_tag","embeddable":true,"href":"https:\/\/sit-ks.org\/sq\/wp-json\/wp\/v2\/tags?post=551"}],"curies":[{"name":"wp","href":"https:\/\/api.w.org\/{rel}","templated":true}]}}