{"id":5034,"date":"2024-09-27T08:25:07","date_gmt":"2024-09-27T08:25:07","guid":{"rendered":"https:\/\/sit-ks.org\/?page_id=5034"},"modified":"2024-09-27T08:36:42","modified_gmt":"2024-09-27T08:36:42","slug":"manual-metodologjik","status":"publish","type":"page","link":"https:\/\/sit-ks.org\/sq\/manual-metodologjik\/","title":{"rendered":"MANUAL METODOLOGJIK"},"content":{"rendered":"<p>Me synimin p\u00ebr t\u00eb mb\u00ebshtetur aktivitetet e pun\u00ebs p\u00ebr t\u00eb rinjt\u00eb n\u00eb t\u00eb gjitha nivelet, ve\u00e7an\u00ebrisht n\u00eb p\u00ebrfshirjen sociale p\u00ebrmes aktiviteteve t\u00eb edukimit joformal, ky manual sh\u00ebrben si nj\u00eb p\u00ebrshkrim i metodave t\u00eb aplikuara dhe nj\u00eb p\u00ebrzgjedhje e kuruar e aktiviteteve t\u00eb krijuara p\u00ebr t\u00eb leht\u00ebsuar trajnimin. Ai sh\u00ebrben si nj\u00eb manual i gjithansh\u00ebm, duke ofruar udh\u00ebzime p\u00ebr nj\u00eb spekt\u00ebr metodologjish t\u00eb zbatueshme jo vet\u00ebm brenda objektivave t\u00eb k\u00ebtij projekti, por edhe m\u00eb gjer\u00eb.<\/p>\n\n\n\n<p>Kryesisht, ky \u00ebsht\u00eb materiali kryesor i trajnimit p\u00ebr ngjarjen e trajnimit t\u00eb YOUTH INC. Manuali p\u00ebrshkruan t\u00eb gjitha metodologjit\u00eb e p\u00ebrdorura gjat\u00eb pun\u00ebtorive t\u00eb trajnimit n\u00eb Prishtin\u00eb (qershor 2024), duke p\u00ebrfshir\u00eb shembuj t\u00eb aktiviteteve dhe praktikave m\u00eb t\u00eb mira. Gjat\u00eb Trajnimeve Komb\u00ebtare t\u00eb Kaskad\u00ebs, punonj\u00ebsit rinor\u00eb mund t&#8217;i drejtohen k\u00ebtij manuali p\u00ebr t\u00eb rifreskuar kujtes\u00ebn e tyre mbi metodologjit\u00eb ose aktivitetet e ndryshme dhe p\u00ebr ta p\u00ebrdorur at\u00eb si nj\u00eb udh\u00ebzues p\u00ebr trajnimin. P\u00ebrve\u00e7 k\u00ebsaj, ai mund t\u00eb p\u00ebrdoret si material mb\u00ebshtet\u00ebs p\u00ebr pun\u00ebtor\u00ebt rinor\u00eb p\u00ebrpara dhe gjat\u00eb zbatimit t\u00eb MAKIVI-ve.<\/p>\n\n\n\n<p>P\u00ebrve\u00e7 k\u00ebsaj, ky manual kontribuon n\u00eb p\u00ebrhapjen e k\u00ebtyre metodologjive, duke rritur qasjen e tyre dhe duke p\u00ebrmir\u00ebsuar ndikimin afatgjat\u00eb t\u00eb projektit YOUTH INC. Prandaj, ai do t\u00eb mbetet lirisht i qassh\u00ebm p\u00ebr t\u00eb gjith\u00eb audienc\u00ebn n\u00ebp\u00ebrmjet faqeve t\u00eb internetit t\u00eb partner\u00ebve t\u00eb projektit.<\/p>\n\n\n\n<p>Kapitulli II i k\u00ebtij manuali do t\u00eb paraqes\u00eb tre metodologji: Filozofia p\u00ebr F\u00ebmij\u00ebt, M\u00ebnyra e K\u00ebshillit dhe Takimi Nd\u00ebrfetar, duke p\u00ebrfshir\u00eb nj\u00eb shpjegim t\u00eb plot\u00eb dhe shembuj t\u00eb aktiviteteve p\u00ebr secil\u00ebn prej tyre. Kapitulli III p\u00ebrfshin nj\u00eb p\u00ebrmbledhje t\u00eb p\u00ebrfundimeve dhe komenteve shtes\u00eb dhe rekomandimeve p\u00ebr p\u00ebrdorimin e k\u00ebtyre metodologjive, t\u00eb mbledhura gjat\u00eb trajnimit t\u00eb projektit n\u00eb Prishtin\u00eb n\u00eb qershor 2024. S\u00eb fundi, Kapitulli IV shpjegon p\u00ebrdorimin dhe p\u00ebrshtatjen e Youthpass (instrumenti i njohjes i zhvilluar p\u00ebr projektet e realizuara n\u00eb programet evropiane p\u00ebr rinin\u00eb) n\u00eb kuad\u00ebr t\u00eb k\u00ebtij projekti dhe n\u00eb p\u00ebrgjith\u00ebsi.<\/p>\n\n\n\n<div data-wp-interactive=\"core\/file\" class=\"wp-block-file\"><object data-wp-bind--hidden=\"!state.hasPdfPreview\" hidden class=\"wp-block-file__embed\" data=\"https:\/\/sit-ks.org\/wp-content\/uploads\/2024\/09\/YouthINC-Manual-Metodologjik.pdf\" type=\"application\/pdf\" style=\"width:100%;height:600px\" aria-label=\"Trup\u00ebzim i YouthINC - Manuali Metodologjik.\"><\/object><a id=\"wp-block-file--media-93a700e1-93ee-4092-999a-dd5038d77fba\" href=\"https:\/\/sit-ks.org\/wp-content\/uploads\/2024\/09\/YouthINC-Manual-Metodologjik.pdf\">YouthINC &#8211; Manuali Metodologjik<\/a><a href=\"https:\/\/sit-ks.org\/wp-content\/uploads\/2024\/09\/YouthINC-Manual-Metodologjik.pdf\" class=\"wp-block-file__button wp-element-button\" download aria-describedby=\"wp-block-file--media-93a700e1-93ee-4092-999a-dd5038d77fba\">Download<\/a><\/div>\n\n\n\n<p>________________________________________________________________________________________________________________<\/p>\n\n\n\n<p><\/p>\n\n\n\n<p>Ky projekt financohet nga Bashkimi Evropian dhe implementohet nga partner\u00ebt Anthropolis, Youth<br>Association from Transylvania | ATA, Jugendagentur, Interfaith Encounter Association, ACT for Society<br>Center dhe SIT.<\/p>\n\n\n\n<p><\/p>\n\n\n\n<p><\/p>\n\n\n\n<p><\/p>\n\n\n\n<p><\/p>\n\n\n\n<p><\/p>\n\n\n\n<p><\/p>\n\n\n\n<p>.<\/p>\n\n\n\n<p><\/p>\n\n\n\n<p><\/p>\n\n\n\n<p><\/p>\n\n\n\n<p><\/p>\n\n\n\n<p><\/p>","protected":false},"excerpt":{"rendered":"<p>Me synimin p\u00ebr t\u00eb mb\u00ebshtetur aktivitetet e pun\u00ebs p\u00ebr t\u00eb rinjt\u00eb n\u00eb t\u00eb gjitha nivelet, ve\u00e7an\u00ebrisht n\u00eb p\u00ebrfshirjen sociale p\u00ebrmes aktiviteteve t\u00eb edukimit joformal, ky manual sh\u00ebrben si nj\u00eb p\u00ebrshkrim i metodave t\u00eb aplikuara dhe nj\u00eb p\u00ebrzgjedhje e kuruar e aktiviteteve t\u00eb krijuara p\u00ebr t\u00eb leht\u00ebsuar trajnimin. Ai sh\u00ebrben si nj\u00eb manual i gjithansh\u00ebm, duke [&hellip;]<\/p>","protected":false},"author":2,"featured_media":5048,"parent":0,"menu_order":0,"comment_status":"closed","ping_status":"closed","template":"","meta":{"footnotes":""},"categories":[20],"tags":[],"class_list":["post-5034","page","type-page","status-publish","has-post-thumbnail","hentry","category-youth-inc"],"_links":{"self":[{"href":"https:\/\/sit-ks.org\/sq\/wp-json\/wp\/v2\/pages\/5034","targetHints":{"allow":["GET"]}}],"collection":[{"href":"https:\/\/sit-ks.org\/sq\/wp-json\/wp\/v2\/pages"}],"about":[{"href":"https:\/\/sit-ks.org\/sq\/wp-json\/wp\/v2\/types\/page"}],"author":[{"embeddable":true,"href":"https:\/\/sit-ks.org\/sq\/wp-json\/wp\/v2\/users\/2"}],"replies":[{"embeddable":true,"href":"https:\/\/sit-ks.org\/sq\/wp-json\/wp\/v2\/comments?post=5034"}],"version-history":[{"count":7,"href":"https:\/\/sit-ks.org\/sq\/wp-json\/wp\/v2\/pages\/5034\/revisions"}],"predecessor-version":[{"id":5044,"href":"https:\/\/sit-ks.org\/sq\/wp-json\/wp\/v2\/pages\/5034\/revisions\/5044"}],"wp:featuredmedia":[{"embeddable":true,"href":"https:\/\/sit-ks.org\/sq\/wp-json\/wp\/v2\/media\/5048"}],"wp:attachment":[{"href":"https:\/\/sit-ks.org\/sq\/wp-json\/wp\/v2\/media?parent=5034"}],"wp:term":[{"taxonomy":"category","embeddable":true,"href":"https:\/\/sit-ks.org\/sq\/wp-json\/wp\/v2\/categories?post=5034"},{"taxonomy":"post_tag","embeddable":true,"href":"https:\/\/sit-ks.org\/sq\/wp-json\/wp\/v2\/tags?post=5034"}],"curies":[{"name":"wp","href":"https:\/\/api.w.org\/{rel}","templated":true}]}}