{"id":4134,"date":"2023-02-01T11:27:56","date_gmt":"2023-02-01T11:27:56","guid":{"rendered":"https:\/\/sit-ks.org\/?page_id=4134"},"modified":"2023-02-01T11:27:56","modified_gmt":"2023-02-01T11:27:56","slug":"thirrje-per-shprehje-te-interesit-auditim","status":"publish","type":"page","link":"https:\/\/sit-ks.org\/sq\/thirrje-per-shprehje-te-interesit-auditim\/","title":{"rendered":"THIRRJE P\u00cbR SHPREHJE T\u00cb INTERESIT-AUDITIM"},"content":{"rendered":"<p><strong>P\u00cbR<\/strong>: Auditor\u00ebt e jasht\u00ebm t\u00eb pavarur dhe t\u00eb kualifikuar<br><strong>L\u00cbNDA<\/strong>: Ofrimi i sh\u00ebrbimeve p\u00ebr auditimin e p\u00ebrgjithsh\u00ebm t\u00eb organizat\u00ebs SIT<br><br>SIT &#8211; Qendra p\u00ebr K\u00ebshillim, Sh\u00ebrbime Sociale dhe Hulumtime \u00ebsht\u00eb organizat\u00eb joqeveritare misioni i t\u00eb cil\u00ebs \u00ebsht\u00eb t\u00eb promovoj\u00eb dhe t\u00eb krijoj\u00eb nj\u00eb shoq\u00ebri t\u00eb barabart\u00eb p\u00ebr t\u00eb gjith\u00eb. K\u00ebshtu q\u00eb, ne trajtojm\u00eb disa nga problemet m\u00eb sfiduese t\u00eb t\u00eb drejtave t\u00eb njeriut n\u00eb shoq\u00ebrin\u00eb ton\u00eb q\u00eb na pengojn\u00eb p\u00ebr t\u00eb arritur barazi, paqe, dhe zhvillim, p\u00ebrfshir\u00eb k\u00ebtu dhun\u00ebn n\u00eb familje dhe dhun\u00ebn me Baz\u00eb gjinore. Ne synojm\u00eb t\u00eb arrijm\u00eb k\u00ebt\u00eb duke p\u00ebrfshir\u00eb njer\u00ebz t\u00eb t\u00eb gjitha prapavijave, pa marr\u00eb parasyh gjinin\u00eb, orientimin seksual apo ndonj\u00eb kategori tjet\u00ebr t\u00eb identitetit.<\/p>\n\n\n\n<p><br>SIT fton, t\u00eb gjith\u00eb kompanit\u00eb profesionale t\u00eb shprehin interesin p\u00ebr: Auditim t\u00eb projekteve t\u00eb organizat\u00ebs \u201cQendra p\u00ebr K\u00ebshillim, Sh\u00ebrbime Sociale dhe Hulumtime(SIT)\u201d p\u00ebr vitin fiskal 2022.<br><\/p>\n\n\n\n<p><strong>Kushtet e p\u00ebrgjithshme<\/strong><\/p>\n\n\n\n<ul class=\"wp-block-list\"><li>Auditimi do t\u00eb kryhet nga nj\u00eb auditor i pavarur (nj\u00eb q\u00eb nuk kan\u00eb lidhje t\u00eb privilegjuara me personat p\u00ebrgjegj\u00ebs p\u00ebr projektin ose me organizat\u00ebn q\u00eb do t\u00eb auditohet);<\/li><li>Posedon njohurin adekuate n\u00eb p\u00ebrputhje me standardet e pranuara nd\u00ebrkomb\u00ebtare si (INTOSAI \u2013 Organizata Nd\u00ebrkomb\u00ebtare e institucioneve Supreme te Auditimit, ISA &#8211; Standardet Nd\u00ebrkomb\u00ebtare t\u00eb Auditimit, dhe IFAC &#8211; Federata Nd\u00ebrkomb\u00ebtare e Kontabilist\u00ebve), si dhe me standardet e zbatueshme komb\u00ebtare t\u00eb vendit n\u00eb t\u00eb cilin mandati kryhet.<\/li><li>S\u00eb paku 5 vite p\u00ebrvoj\u00eb n\u00eb auditim dhe kontabilitet, p\u00ebrvoj\u00eb t\u00eb d\u00ebshmuar n\u00eb baz\u00eb t\u00eb regjistrit mbi pun\u00ebt e kryera deri m\u00eb tani, sigurimi i portofolit.<\/li><li>T\u00eb jen\u00eb t\u00eb pranueshem nga organet p\u00ebrkatese p.sh Ministrise s\u00eb Administartes Publike<\/li><li>Preferohet t\u00eb ken\u00eb pasur bashk\u00ebpunim me SDC n\u00eb Kosov\u00eb ( t\u00eb sigurohet deshmia).<br><\/li><\/ul>\n\n\n\n<p><strong>Dor\u00ebzimi i ofertave<\/strong><br><\/p>\n\n\n\n<p>Auditor\u00ebt\/Kompanit\u00eb e kualifikuar t\u00eb interesuara, duhet t\u00eb d\u00ebrgojn\u00eb<\/p>\n\n\n\n<ol class=\"wp-block-list\"><li>\u00c7ertifikata e biznesit dhe dokumentat percjell\u00ebse p\u00ebr v\u00ebrtetim si auditor t\u00eb \u00e7ertifikuar si dhe kopja e llogarise bankare<\/li><li>Profili i Kompanis\u00eb dhe 1-3 referenca ose shabllone t\u00eb pun\u00ebs<\/li><li>Demonstrimi i t\u00eb kuptuarit t\u00eb detyr\u00ebs dhe qasja e propozuar t\u00eb procesit t\u00eb auditimit. Duke paraqitur edhe planin gjeneral t\u00eb auditimit si dhe specifikimin e dokumentacionit q\u00eb do duhet t\u00eb p\u00ebrgatitet paraprakisht nga OJQ<\/li><li>CV e kompanis\u00eb \/ personelit \/ individ\u00ebve \/ dhe dokumente t\u00eb tjera q\u00eb v\u00ebrtetojn\u00eb eksperienc\u00ebn.<\/li><li>Oferta financiare e arsyeshme duke mos perfshire TVSH-n\u00eb dhe performim profesional duke cekur edhe koh\u00ebn p\u00ebr zbatimin e pun\u00ebs<\/li><li>Afati i dorezimit deri me <strong>07\/02\/2023<\/strong><br><\/li><\/ol>\n\n\n\n<p><strong>Detyrat<\/strong><\/p>\n\n\n\n<p>Q\u00ebllimi i p\u00ebrgjithsh\u00ebm \u00ebsht\u00eb auditimi i raporteve financiare t\u00eb projekteve t\u00eb implementuara gjat\u00eb periudh\u00ebs janar-dhjetor 2022.<br><br>Shuma e buxhetit vjetor p\u00ebr vitin 2022 sillet rreth 198,000.00 Euro.<br>Auditimi duhet t\u00eb kryhet n\u00eb p\u00ebrputhje me standardet nd\u00ebrkomb\u00ebtare t\u00eb auditimit t\u00eb nxjerra nga Federata Nd\u00ebrkomb\u00ebtare e Kontabilist\u00ebve (IFAC). Auditimin duhet ta realizoj\u00eb nj\u00eb auditor i jasht\u00ebm i pavarur dhe i kualifikuar, i licencuar. Auditori do t\u00eb bashk\u00ebpunoj\u00eb ngusht\u00eb me menaxherin p\u00ebr \u00a0financa dhe administrat\u00eb t\u00eb SIT-it dhe do t\u2019i raportoj\u00eb drejtorit ekzekutive.<\/p>\n\n\n\n<p><strong>Ju lutemi, dor\u00ebzoni dokumentet e k\u00ebrkuara deri m\u00eb 7 Shkurt 2023, n\u00eb or\u00ebn 17:00 n\u00eb e-mailin info@sit-ks.org<\/strong><\/p>\n\n\n\n<div class=\"wp-block-file\"><a href=\"https:\/\/sit-ks.org\/wp-content\/uploads\/2023\/02\/THIRRJE-PER-SHPREHJE-TE-INTERESIT-AUDITIM.pdf\">THIRRJE-PER-SHPREHJE-TE-INTERESIT-AUDITIM<\/a><a href=\"https:\/\/sit-ks.org\/wp-content\/uploads\/2023\/02\/THIRRJE-PER-SHPREHJE-TE-INTERESIT-AUDITIM.pdf\" class=\"wp-block-file__button\" download>Download<\/a><\/div>\n\n\n\n<p><\/p>","protected":false},"excerpt":{"rendered":"<p>P\u00cbR: Auditor\u00ebt e jasht\u00ebm t\u00eb pavarur dhe t\u00eb kualifikuarL\u00cbNDA: Ofrimi i sh\u00ebrbimeve p\u00ebr auditimin e p\u00ebrgjithsh\u00ebm t\u00eb organizat\u00ebs SIT SIT &#8211; Qendra p\u00ebr K\u00ebshillim, Sh\u00ebrbime Sociale dhe Hulumtime \u00ebsht\u00eb organizat\u00eb joqeveritare misioni i t\u00eb cil\u00ebs \u00ebsht\u00eb t\u00eb promovoj\u00eb dhe t\u00eb krijoj\u00eb nj\u00eb shoq\u00ebri t\u00eb barabart\u00eb p\u00ebr t\u00eb gjith\u00eb. K\u00ebshtu q\u00eb, ne trajtojm\u00eb disa nga problemet [&hellip;]<\/p>","protected":false},"author":6,"featured_media":0,"parent":0,"menu_order":0,"comment_status":"closed","ping_status":"closed","template":"","meta":{"footnotes":""},"categories":[],"tags":[],"class_list":["post-4134","page","type-page","status-publish","hentry"],"_links":{"self":[{"href":"https:\/\/sit-ks.org\/sq\/wp-json\/wp\/v2\/pages\/4134","targetHints":{"allow":["GET"]}}],"collection":[{"href":"https:\/\/sit-ks.org\/sq\/wp-json\/wp\/v2\/pages"}],"about":[{"href":"https:\/\/sit-ks.org\/sq\/wp-json\/wp\/v2\/types\/page"}],"author":[{"embeddable":true,"href":"https:\/\/sit-ks.org\/sq\/wp-json\/wp\/v2\/users\/6"}],"replies":[{"embeddable":true,"href":"https:\/\/sit-ks.org\/sq\/wp-json\/wp\/v2\/comments?post=4134"}],"version-history":[{"count":2,"href":"https:\/\/sit-ks.org\/sq\/wp-json\/wp\/v2\/pages\/4134\/revisions"}],"predecessor-version":[{"id":4137,"href":"https:\/\/sit-ks.org\/sq\/wp-json\/wp\/v2\/pages\/4134\/revisions\/4137"}],"wp:attachment":[{"href":"https:\/\/sit-ks.org\/sq\/wp-json\/wp\/v2\/media?parent=4134"}],"wp:term":[{"taxonomy":"category","embeddable":true,"href":"https:\/\/sit-ks.org\/sq\/wp-json\/wp\/v2\/categories?post=4134"},{"taxonomy":"post_tag","embeddable":true,"href":"https:\/\/sit-ks.org\/sq\/wp-json\/wp\/v2\/tags?post=4134"}],"curies":[{"name":"wp","href":"https:\/\/api.w.org\/{rel}","templated":true}]}}