{"id":3291,"date":"2022-01-10T16:48:07","date_gmt":"2022-01-10T16:48:07","guid":{"rendered":"https:\/\/sit-ks.org\/?page_id=3291"},"modified":"2022-04-21T11:34:55","modified_gmt":"2022-04-21T11:34:55","slug":"break-the-ice-2-0","status":"publish","type":"page","link":"https:\/\/sit-ks.org\/sq\/break-the-ice-2-0\/","title":{"rendered":"Break The Ice 2.0"},"content":{"rendered":"<p>Projekti \"Break the Ice 2.0\" synon t\u00eb bashkoj\u00eb t\u00eb rinjt\u00eb\/rejat (t\u00eb moshave 16 deri n\u00eb 25 vje\u00e7) t\u00eb cil\u00ebt jan\u00eb t\u00eb interesuar p\u00ebr diversitetin kulturor nga t\u00eb gjitha komunitetet n\u00eb Kosov\u00eb. Kta\/o t\u00eb rinj\/reja do t\u00eb p\u00ebrmir\u00ebsojn\u00eb komunikimin dhe do t\u00eb krijojn\u00eb nj\u00eb rrjet t\u00eb t\u00eb rinjve\/rejave t\u00eb interesuar p\u00ebr artin dhe kultur\u00ebn nga komunat e Dardan\u00ebs\/Kamenic\u00ebs, Fush\u00eb Kosov\u00ebs, Mitrovic\u00ebs Jugore dhe Mitrovic\u00ebs s\u00eb Veriut.<\/p>\n\n\n\n<p>SIT n\u00eb kuad\u00ebr t\u00eb k\u00ebtij projekti krahas Kampit t\u00eb P\u00ebrbashk\u00ebt Rinor, do t\u00eb lan\u00e7oj\u00eb aplikacionin dhe platform\u00ebn \"Break the Ice\", por gjithashtu do t\u00eb adaptoj\u00eb aktivitete kulturore p\u00ebr t\u00eb rinjt\u00eb\/rejat, si Walls of Connection, Creative Twinning p\u00ebr t\u00eb promovuar mesazhin e gatishm\u00ebris\u00eb s\u00eb t\u00eb rinjve\/rejave t\u00eb bashk\u00ebpunojn\u00eb dhe t\u00eb krijojn\u00eb nj\u00eb shoq\u00ebri t\u00eb barabart\u00eb dhe paq\u00ebsore. P\u00ebrve\u00e7 k\u00ebsaj, stafi i SIT do t\u00eb mbik\u00ebqyr\u00eb dhe asistoj\u00eb me zbatimin e fushatave lokale.<\/p>\n\n\n\n<p class=\"translation-block\">Q\u00ebllimi kryesor: N\u00ebp\u00ebrmjet pun\u00ebs me t\u00eb rinjt\u00eb, fuqizimi i tyre q\u00eb t\u00eb jen\u00eb agjent\u00eb t\u00eb ndryshimit, t\u00eb p\u00ebrdorin kultur\u00ebn si nj\u00eb mjet p\u00ebr ndryshimin social dhe t\u00eb zhvillojn\u00eb q\u00ebndrueshm\u00ebri ndaj konflikteve n\u00eb komunitetet e synuara t\u00eb projektit.<\/p>\n\n\n\n<p>Projekti \u201cBreak the Ice 2.0\u201d implementohet nga SIT \u2013 Qendra p\u00ebr K\u00ebshillim, Sh\u00ebrbime Sociale dhe Hulumtime dhe financohet nga UNMIK-u.<\/p>","protected":false},"excerpt":{"rendered":"<p>The &#8220;Break the Ice 2.0&#8221; project intends to bring together young people (ages 16 to 25) interested in cultural diversity from all communities in Kosovo. These young people will improve communication and will create a network of young people interested in art and culture from the municipalities of Kamenic\u00eb\/a, Fush\u00eb Kosova\/Kosovo Polje, South Mitrovic\u00eb\/a, and [&hellip;]<\/p>","protected":false},"author":2,"featured_media":3795,"parent":0,"menu_order":0,"comment_status":"closed","ping_status":"closed","template":"","meta":{"footnotes":""},"categories":[6],"tags":[],"class_list":["post-3291","page","type-page","status-publish","has-post-thumbnail","hentry","category-projects"],"_links":{"self":[{"href":"https:\/\/sit-ks.org\/sq\/wp-json\/wp\/v2\/pages\/3291","targetHints":{"allow":["GET"]}}],"collection":[{"href":"https:\/\/sit-ks.org\/sq\/wp-json\/wp\/v2\/pages"}],"about":[{"href":"https:\/\/sit-ks.org\/sq\/wp-json\/wp\/v2\/types\/page"}],"author":[{"embeddable":true,"href":"https:\/\/sit-ks.org\/sq\/wp-json\/wp\/v2\/users\/2"}],"replies":[{"embeddable":true,"href":"https:\/\/sit-ks.org\/sq\/wp-json\/wp\/v2\/comments?post=3291"}],"version-history":[{"count":2,"href":"https:\/\/sit-ks.org\/sq\/wp-json\/wp\/v2\/pages\/3291\/revisions"}],"predecessor-version":[{"id":3295,"href":"https:\/\/sit-ks.org\/sq\/wp-json\/wp\/v2\/pages\/3291\/revisions\/3295"}],"wp:featuredmedia":[{"embeddable":true,"href":"https:\/\/sit-ks.org\/sq\/wp-json\/wp\/v2\/media\/3795"}],"wp:attachment":[{"href":"https:\/\/sit-ks.org\/sq\/wp-json\/wp\/v2\/media?parent=3291"}],"wp:term":[{"taxonomy":"category","embeddable":true,"href":"https:\/\/sit-ks.org\/sq\/wp-json\/wp\/v2\/categories?post=3291"},{"taxonomy":"post_tag","embeddable":true,"href":"https:\/\/sit-ks.org\/sq\/wp-json\/wp\/v2\/tags?post=3291"}],"curies":[{"name":"wp","href":"https:\/\/api.w.org\/{rel}","templated":true}]}}