{"id":3122,"date":"2021-09-24T08:14:45","date_gmt":"2021-09-24T08:14:45","guid":{"rendered":"https:\/\/sit-ks.org\/?page_id=3122"},"modified":"2021-09-24T19:28:53","modified_gmt":"2021-09-24T19:28:53","slug":"calls-and-proclamation","status":"publish","type":"page","link":"https:\/\/sit-ks.org\/sq\/calls-and-proclamation\/","title":{"rendered":"Thirrje dhe Shpallje"},"content":{"rendered":"<p>Thirrje p\u00ebr aplikim p\u00ebr Trajner\u00eb!<\/p>\n\n\n\n<p>Rreth SIT:<\/p>\n\n\n\n<p>SIT-Qendra p\u00ebr K\u00ebshillim, Sh\u00ebrbime Sociale dhe Hulumtime \u00ebsht\u00eb nj\u00eb organizat\u00eb joqeveritare dhe jofitimprur\u00ebse, misioni i s\u00eb cil\u00ebs \u00ebsht\u00eb t\u00eb ofroj\u00eb sh\u00ebrbime k\u00ebshilluese profesionale, hulumtime n\u00eb fusha t\u00eb ndryshme dhe t\u00eb parandaloj\u00eb fenomenet negative me q\u00ebllim q\u00eb t\u00eb kontribuoj\u00eb dhe p\u00ebrmir\u00ebsoj\u00eb sh\u00ebndetin dhe mir\u00ebqenien sociale<\/p>\n\n\n\n<p>In the framework of the project Future4You(th): Young people as Leaders of Life Skills Education in the Balkans, SIT has open a call to create a <em>Pool of trainers<\/em> that meet the qualifications needed to be engaged in the implementation of Program Y and Program Y Plus within relevant institutions.<\/p>\n\n\n\n<p>Dokumentet e Nevojshme p\u00ebr aplikim:<\/p>\n\n\n\n<p>1)<strong> CV<\/strong>dhe referenc\u00eb<\/p>\n\n\n\n<p>Afati i fundit p\u00ebr aplikim:<strong> 10<sup>th<\/sup> tetor 2021<\/strong><\/p>\n\n\n\n<p>Dokumentet e nevojshme, mund t\u2019i d\u00ebrgoni n\u00eb: <a href=\"mailto:apliko@sit-ks.org\">apliko@sit-ks.org<\/a><\/p>\n\n\n\n<p>Gjeni Termat e Referenc\u00ebs m\u00eb posht\u00eb:<\/p>\n\n\n\n<div class=\"wp-block-file\"><a href=\"https:\/\/sit-ks.org\/wp-content\/uploads\/2021\/09\/Call-for-trainers.pdf\">Call-for-trainers<\/a><a href=\"https:\/\/sit-ks.org\/wp-content\/uploads\/2021\/09\/Call-for-trainers.pdf\" class=\"wp-block-file__button\" download>Download<\/a><\/div>\n\n\n\n<p><\/p>","protected":false},"excerpt":{"rendered":"<p>Call for application for Trainers! About SIT: SIT &#8211; Center for Counseling, Social Services and Research is a non-governmental and non-profit organization whose mission is to provide professional counseling services, research in various fields and to prevent negative phenomena with the aim of contributing and improving health and social welfare In the framework of the [&hellip;]<\/p>","protected":false},"author":2,"featured_media":3139,"parent":0,"menu_order":0,"comment_status":"closed","ping_status":"closed","template":"","meta":{"footnotes":""},"categories":[17],"tags":[],"class_list":["post-3122","page","type-page","status-publish","has-post-thumbnail","hentry","category-calls-and-proclamation"],"_links":{"self":[{"href":"https:\/\/sit-ks.org\/sq\/wp-json\/wp\/v2\/pages\/3122","targetHints":{"allow":["GET"]}}],"collection":[{"href":"https:\/\/sit-ks.org\/sq\/wp-json\/wp\/v2\/pages"}],"about":[{"href":"https:\/\/sit-ks.org\/sq\/wp-json\/wp\/v2\/types\/page"}],"author":[{"embeddable":true,"href":"https:\/\/sit-ks.org\/sq\/wp-json\/wp\/v2\/users\/2"}],"replies":[{"embeddable":true,"href":"https:\/\/sit-ks.org\/sq\/wp-json\/wp\/v2\/comments?post=3122"}],"version-history":[{"count":3,"href":"https:\/\/sit-ks.org\/sq\/wp-json\/wp\/v2\/pages\/3122\/revisions"}],"predecessor-version":[{"id":3140,"href":"https:\/\/sit-ks.org\/sq\/wp-json\/wp\/v2\/pages\/3122\/revisions\/3140"}],"wp:featuredmedia":[{"embeddable":true,"href":"https:\/\/sit-ks.org\/sq\/wp-json\/wp\/v2\/media\/3139"}],"wp:attachment":[{"href":"https:\/\/sit-ks.org\/sq\/wp-json\/wp\/v2\/media?parent=3122"}],"wp:term":[{"taxonomy":"category","embeddable":true,"href":"https:\/\/sit-ks.org\/sq\/wp-json\/wp\/v2\/categories?post=3122"},{"taxonomy":"post_tag","embeddable":true,"href":"https:\/\/sit-ks.org\/sq\/wp-json\/wp\/v2\/tags?post=3122"}],"curies":[{"name":"wp","href":"https:\/\/api.w.org\/{rel}","templated":true}]}}