{"id":1727,"date":"2021-03-11T14:55:11","date_gmt":"2021-03-11T14:55:11","guid":{"rendered":"https:\/\/sit-ks.org\/?page_id=1727"},"modified":"2021-09-14T11:47:33","modified_gmt":"2021-09-14T11:47:33","slug":"counseling-for-prevention-c4p","status":"publish","type":"page","link":"https:\/\/sit-ks.org\/sq\/counseling-for-prevention-c4p\/","title":{"rendered":"K\u00ebshillim p\u00ebr Parandalim"},"content":{"rendered":"<p>Projekti \u201cK\u00ebshillim p\u00ebr Parandalim\u201d ka p\u00ebr q\u00ebllim ta luftoj\u00eb dhun\u00ebn ndaj grave dhe vajzave duke punuar n\u00eb parandalim primar dhe terciar. K\u00ebt\u00eb synojm\u00eb ta arrijm\u00eb p\u00ebrmes pilotimit t\u00eb seancave t\u00eb k\u00ebshillimit me kryer\u00ebsit e veprave t\u00eb dhun\u00ebs n\u00eb familje dhe dhun\u00ebs me baz\u00eb gjinore<\/p>\n\n\n\n<p>Gjithashtu, p\u00ebrmes k\u00ebtij projekti do t\u00eb punojm\u00eb me akter\u00ebt e k\u00ebsaj fushe, duke p\u00ebrfshir\u00eb institucionet publike dhe OJQ-t\u00eb q\u00eb punojn\u00eb n\u00eb k\u00ebt\u00eb fush\u00eb p\u00ebr t\u00eb shtyr\u00eb p\u00ebrpara ndryshimin e ligjit dhe p\u00ebrfshirjen e sh\u00ebrbimeve t\u00eb obligueshme ligjore p\u00ebr kryer\u00ebsit e veprave t\u00eb dhun\u00ebs n\u00eb familje dhe dhun\u00ebs me baz\u00eb gjinore, duke u bazuar n\u00eb k\u00ebrkesat e Konvent\u00ebs s\u00eb Stambollit.<\/p>\n\n\n\n<p>Tjet\u00ebr objektiv\u00eb e k\u00ebtij projekti \u00ebsht\u00eb ngritja e vet\u00ebdijes p\u00ebr rolin e burrave n\u00eb luft\u00ebn kund\u00ebr dhun\u00ebs n\u00eb familje dhe asaj me baz\u00eb gjinore, dhe p\u00ebr programet e trajtmit psiko-social p\u00ebr kryer\u00ebsit e k\u00ebtyre veprave.<\/p>\n\n\n\n<p>Ky projekt do ta b\u00ebj\u00eb edhe vler\u00ebsimin e programeve aktuale p\u00ebr pun\u00ebn me kryer\u00ebsit e veprave t\u00eb dhun\u00ebs n\u00eb familje dhe dhun\u00ebs me baz\u00eb gjinore, rrjet\u00ebzimi i pun\u00ebs s\u00eb institucioneve me kryer\u00ebsit e veprave t\u00eb dhun\u00ebs n\u00eb familje dhe dhun\u00ebs me baz\u00eb gjinore, dhe vler\u00ebsimi i nevojave t\u00eb mekanizmave lokal t\u00eb koordinimit n\u00eb pun\u00ebn me kryer\u00ebsit e k\u00ebtyre veprave.<\/p>\n\n\n\n<p>Projekti \u201cK\u00ebshillim p\u00ebr Parandalim\u201d implementohet nga organizata SIT \u2013 Qendra p\u00ebr K\u00ebshillim, Sh\u00ebrbime Sociale dhe Hulumtime, dhe p\u00ebrkrahet nga UNFPA n\u00eb Kosov\u00eb.<br><\/p>","protected":false},"excerpt":{"rendered":"<p>\u201cCounseling for Prevention\u201d project aims to combat violence against women and girls by working in primary and tertiary prevention. We aim to achieve this through piloting counseling sessions with Domestic Violence and Gender-Based Violence perpetrators. Through this project we will also work with stakeholders working in this field, including public institutions and NGOs who work [&hellip;]<\/p>","protected":false},"author":2,"featured_media":0,"parent":0,"menu_order":0,"comment_status":"closed","ping_status":"closed","template":"","meta":{"footnotes":""},"categories":[6],"tags":[],"class_list":["post-1727","page","type-page","status-publish","hentry","category-projects"],"_links":{"self":[{"href":"https:\/\/sit-ks.org\/sq\/wp-json\/wp\/v2\/pages\/1727","targetHints":{"allow":["GET"]}}],"collection":[{"href":"https:\/\/sit-ks.org\/sq\/wp-json\/wp\/v2\/pages"}],"about":[{"href":"https:\/\/sit-ks.org\/sq\/wp-json\/wp\/v2\/types\/page"}],"author":[{"embeddable":true,"href":"https:\/\/sit-ks.org\/sq\/wp-json\/wp\/v2\/users\/2"}],"replies":[{"embeddable":true,"href":"https:\/\/sit-ks.org\/sq\/wp-json\/wp\/v2\/comments?post=1727"}],"version-history":[{"count":2,"href":"https:\/\/sit-ks.org\/sq\/wp-json\/wp\/v2\/pages\/1727\/revisions"}],"predecessor-version":[{"id":1741,"href":"https:\/\/sit-ks.org\/sq\/wp-json\/wp\/v2\/pages\/1727\/revisions\/1741"}],"wp:attachment":[{"href":"https:\/\/sit-ks.org\/sq\/wp-json\/wp\/v2\/media?parent=1727"}],"wp:term":[{"taxonomy":"category","embeddable":true,"href":"https:\/\/sit-ks.org\/sq\/wp-json\/wp\/v2\/categories?post=1727"},{"taxonomy":"post_tag","embeddable":true,"href":"https:\/\/sit-ks.org\/sq\/wp-json\/wp\/v2\/tags?post=1727"}],"curies":[{"name":"wp","href":"https:\/\/api.w.org\/{rel}","templated":true}]}}