{"id":1460,"date":"2020-10-09T12:51:29","date_gmt":"2020-10-09T12:51:29","guid":{"rendered":"https:\/\/sit-ks.org\/?page_id=1460"},"modified":"2021-09-14T11:52:44","modified_gmt":"2021-09-14T11:52:44","slug":"enhancing-conflict-management-skills-of-yout","status":"publish","type":"page","link":"https:\/\/sit-ks.org\/sq\/enhancing-conflict-management-skills-of-yout\/","title":{"rendered":"P\u00ebrmir\u00ebsimi i aft\u00ebsive t\u00eb rinis\u00eb p\u00ebr menaxhim t\u00eb konfliktit"},"content":{"rendered":"<p class=\"translation-block\">Nga maji 2020, SIT n\u00eb bashk\u00ebpunim me partnerin OEK Sinergjia, ka implementuar faz\u00ebn e par\u00eb t\u00eb projektit \u201cP\u00ebrmir\u00ebsimi i Q\u00ebndrueshm\u00ebris\u00eb s\u00eb Komunitetit n\u00eb kuad\u00ebr t\u00eb kriz\u00ebs COVID-19\u201d.<\/p>\n\n\n\n<div class=\"wp-block-image\"><figure class=\"alignright is-resized\"><img fetchpriority=\"high\" decoding=\"async\" src=\"https:\/\/sit-ks.org\/wp-content\/uploads\/2020\/10\/Joint-meeting-3-3-1024x651.png\" alt=\"\" class=\"wp-image-1475\" width=\"429\" height=\"272\" srcset=\"https:\/\/sit-ks.org\/wp-content\/uploads\/2020\/10\/Joint-meeting-3-3-1024x651.png 1024w, https:\/\/sit-ks.org\/wp-content\/uploads\/2020\/10\/Joint-meeting-3-3-300x191.png 300w, https:\/\/sit-ks.org\/wp-content\/uploads\/2020\/10\/Joint-meeting-3-3-768x488.png 768w, https:\/\/sit-ks.org\/wp-content\/uploads\/2020\/10\/Joint-meeting-3-3.png 1193w\" sizes=\"(max-width: 429px) 100vw, 429px\" \/><\/figure><\/div>\n\n\n\n<p class=\"translation-block\">Kemi mbajtur 30 takime me pjes\u00ebmarr\u00ebs\/e nga kat\u00ebr komuna: Fush\u00eb Kosova, Kamenica, Mitrovica e Jugut, Mitrovica e Veriut. T\u00eb gjitha takimet jan\u00eb mbajt\u00ebr p\u00ebrmes platform\u00ebs online \u201cZoom\u201d, p\u00ebr shkak t\u00eb situat\u00ebs me pandemin\u00eb COVID-19. Poashtu i kemi shp\u00ebrndar\u00eb 80 pako me ndihma humanitare me ushqim dhe produkte sanitare p\u00ebr familjet n\u00eb nevoj\u00eb. Kemi shp\u00ebrndar\u00eb 20 pako n\u00eb secil\u00ebn komun\u00eb.\nFaza e par\u00eb e projektit ka p\u00ebrfunduar n\u00eb gusht 2020, dhe kemi filluar me faz\u00ebn e dyt\u00eb n\u00eb shtator 2020. Faza e dyt\u00eb \u00ebsht\u00eb \u201cP\u00ebrmir\u00ebsimi i Q\u00ebndrueshm\u00ebris\u00eb s\u00eb Komunitetit ndaj Konfliktit\u201d.\n \nFaza e dyt\u00eb parashihet t\u00eb zgjas\u00eb deri n\u00eb shkurt.<\/p>\n\n\n\n<p> Besides the 40 online meetings that will be<br> held with participants in the abovementioned<br> municipalities, online courses for Albanian and<br> Serbian language learning will be held as well.<br> During the second stage of the project we will<br> target more than 40 youngsters, bearing in mind<br> gender equality, including 50% boys and 50% girls.<br> We will also enhance language skills of 60<br> youngsters in Albanian and Serbian. We will<br> enhance language skills in levels A1 and A2<br> through online courses that will be held within this<br> project.<\/p>\n\n\n\n<div class=\"wp-block-image\"><figure class=\"alignright is-resized\"><img decoding=\"async\" src=\"https:\/\/sit-ks.org\/wp-content\/uploads\/2020\/10\/119521029_1775207335962632_5715784762271855586_o-2-1024x768.jpg\" alt=\"\" class=\"wp-image-1476\" width=\"404\" height=\"303\" srcset=\"https:\/\/sit-ks.org\/wp-content\/uploads\/2020\/10\/119521029_1775207335962632_5715784762271855586_o-2-1024x768.jpg 1024w, https:\/\/sit-ks.org\/wp-content\/uploads\/2020\/10\/119521029_1775207335962632_5715784762271855586_o-2-300x225.jpg 300w, https:\/\/sit-ks.org\/wp-content\/uploads\/2020\/10\/119521029_1775207335962632_5715784762271855586_o-2-768x576.jpg 768w, https:\/\/sit-ks.org\/wp-content\/uploads\/2020\/10\/119521029_1775207335962632_5715784762271855586_o-2.jpg 2016w\" sizes=\"(max-width: 404px) 100vw, 404px\" \/><\/figure><\/div>\n\n\n\n<p><br> P\u00ebrve\u00e7 40 takimeve q\u00eb do t\u00eb mbahen me pjes\u00ebmarr\u00ebsit e komunave t\u00eb lart\u00ebp\u00ebrmendyra, do t\u00eb mbahen edhe kurse online p\u00ebr gjuh\u00ebn shqipe dhe at\u00eb serbe.\n \nGjat\u00eb faz\u00ebs s\u00eb dyt\u00eb t\u00eb projektit, do t\u2019i targetojm\u00eb m\u00eb shum\u00eb se 40 t\u00eb rinj\/reja, duke i kushtuar r\u00ebnd\u00ebsi barazis\u00eb gjinore, duke p\u00ebrfshir\u00eb 50% djem dhe 50% vajza.\nGjithashtu, do t\u2019i p\u00ebrmir\u00ebsojm\u00eb aft\u00ebsit\u00eb gjuh\u00ebsore t\u00eb 60 t\u00eb rinjve\/rejave n\u00eb gjuh\u00ebn shqipe dhe serbe. Do t\u2019i p\u00ebrmir\u00ebsojm\u00eb aft\u00ebsit\u00eb gjuh\u00ebsore n\u00eb nivelet A1 dhe A2 p\u00ebrmes kurseve online q\u00eb do t\u00eb mbahen n\u00eb kuad\u00ebr t\u00eb k\u00ebtij projekti.<br> activities as: humanitarian aid for families in need<br> in the targeted municipalities, small infrastructure<br> initiatives in community, individual support for<br> members of communities in specific situations in<br> life, educational and cultural events, awareness<br> raising, etc.<\/p>\n\n\n\n<p><br> Ky projekt financohet nga SIDA \u2013 Agjencia Suedeze p\u00ebr Zhvillim t\u00eb Bashk\u00ebpunimit Nd\u00ebrkomb\u00ebtar dhe p\u00ebrkrahet nga DRC \u2013 Danish Refugee Council.<br> International Development Cooperation Agency<br> and is supported by DRC \u2013 Danish Refugee Council<\/p>\n\n\n\n<figure class=\"wp-block-image is-resized\"><img decoding=\"async\" src=\"https:\/\/sit-ks.org\/wp-content\/uploads\/2020\/10\/119522975_1775205822629450_2099325058459615210_o-4-1024x768.jpg\" alt=\"\" class=\"wp-image-1477\" width=\"526\" height=\"394\" srcset=\"https:\/\/sit-ks.org\/wp-content\/uploads\/2020\/10\/119522975_1775205822629450_2099325058459615210_o-4-1024x768.jpg 1024w, https:\/\/sit-ks.org\/wp-content\/uploads\/2020\/10\/119522975_1775205822629450_2099325058459615210_o-4-300x225.jpg 300w, https:\/\/sit-ks.org\/wp-content\/uploads\/2020\/10\/119522975_1775205822629450_2099325058459615210_o-4-768x576.jpg 768w, https:\/\/sit-ks.org\/wp-content\/uploads\/2020\/10\/119522975_1775205822629450_2099325058459615210_o-4.jpg 2016w\" sizes=\"(max-width: 526px) 100vw, 526px\" \/><\/figure>","protected":false},"excerpt":{"rendered":"<p>Since May 2020, SIT \u2013 Center for Counseling, Social Services and Research in cooperation with its partner OEK Sinergija has implemented the first stage of the \u201cEnhancing Community Resilience Within the COVID-19 crisis\u201d. We held 30 meetings with participants from four municipalities: Fush\u00eb Kosova, Kamenica, South Mitrovica, North Mitrovica. All meetings were held through \u201cZoom\u201d [&hellip;]<\/p>","protected":false},"author":1,"featured_media":0,"parent":0,"menu_order":0,"comment_status":"closed","ping_status":"closed","template":"","meta":{"footnotes":""},"categories":[6],"tags":[],"class_list":["post-1460","page","type-page","status-publish","hentry","category-projects"],"_links":{"self":[{"href":"https:\/\/sit-ks.org\/sq\/wp-json\/wp\/v2\/pages\/1460","targetHints":{"allow":["GET"]}}],"collection":[{"href":"https:\/\/sit-ks.org\/sq\/wp-json\/wp\/v2\/pages"}],"about":[{"href":"https:\/\/sit-ks.org\/sq\/wp-json\/wp\/v2\/types\/page"}],"author":[{"embeddable":true,"href":"https:\/\/sit-ks.org\/sq\/wp-json\/wp\/v2\/users\/1"}],"replies":[{"embeddable":true,"href":"https:\/\/sit-ks.org\/sq\/wp-json\/wp\/v2\/comments?post=1460"}],"version-history":[{"count":6,"href":"https:\/\/sit-ks.org\/sq\/wp-json\/wp\/v2\/pages\/1460\/revisions"}],"predecessor-version":[{"id":3067,"href":"https:\/\/sit-ks.org\/sq\/wp-json\/wp\/v2\/pages\/1460\/revisions\/3067"}],"wp:attachment":[{"href":"https:\/\/sit-ks.org\/sq\/wp-json\/wp\/v2\/media?parent=1460"}],"wp:term":[{"taxonomy":"category","embeddable":true,"href":"https:\/\/sit-ks.org\/sq\/wp-json\/wp\/v2\/categories?post=1460"},{"taxonomy":"post_tag","embeddable":true,"href":"https:\/\/sit-ks.org\/sq\/wp-json\/wp\/v2\/tags?post=1460"}],"curies":[{"name":"wp","href":"https:\/\/api.w.org\/{rel}","templated":true}]}}